{"id":611,"date":"2013-02-20T19:08:51","date_gmt":"2013-02-20T18:08:51","guid":{"rendered":"http:\/\/svsteinhaus1911.de\/?page_id=611"},"modified":"2018-02-18T18:51:32","modified_gmt":"2018-02-18T16:51:32","slug":"schiedsrichter","status":"publish","type":"page","link":"https:\/\/svsteinhaus1911.de\/index.php\/schiedsrichter\/","title":{"rendered":"Schiedsrichter"},"content":{"rendered":"<p>Der SV Steinhaus hat zur Zeit 6 lizensierte Schiedsrichter im Einsatz. Wir sch\u00e4tzen uns in der gl\u00fccklichen Lage, mit Lucas SENG und Lukas LINGNAU zwei junge Schiedsrichter dazugewonnen zu haben.<\/p>\n<p>In K\u00fcrze werden wir unsere aktiven Schiedsrichter in Einzelportrait`s auf diesem Portal vorstellen.<\/p>\n<p><a title=\"Schiedsrichter stehen im Mittelpunkt\" href=\"http:\/\/svsteinhaus1911.de\/schiedsrichter-stehen-im-mittelpunkt\/\">&gt;&gt; Schiedsrichter stehen im Mittelpunkt<\/a><\/p>\n<p><a href=\"http:\/\/svsteinhaus1911.de\/schiedsrichterwesen-haengt-durch\/\">&gt;&gt; Schiedsrichterwesen h\u00e4ngt durch<\/a><\/p>\n","protected":false},"excerpt":{"rendered":"<p>Der SV Steinhaus hat zur Zeit 6 lizensierte Schiedsrichter im Einsatz. Wir sch\u00e4tzen uns in der gl\u00fccklichen Lage, mit Lucas SENG und Lukas LINGNAU zwei junge Schiedsrichter dazugewonnen zu haben. In K\u00fcrze werden wir unsere aktiven Schiedsrichter in Einzelportrait`s auf diesem Portal vorstellen. &gt;&gt; Schiedsrichter stehen im Mittelpunkt &gt;&gt; Schiedsrichterwesen h\u00e4ngt durch<\/p>\n","protected":false},"author":666668,"featured_media":0,"parent":0,"menu_order":0,"comment_status":"closed","ping_status":"closed","template":"","meta":{"ngg_post_thumbnail":0,"footnotes":""},"class_list":["post-611","page","type-page","status-publish","hentry"],"_links":{"self":[{"href":"https:\/\/svsteinhaus1911.de\/index.php\/wp-json\/wp\/v2\/pages\/611","targetHints":{"allow":["GET"]}}],"collection":[{"href":"https:\/\/svsteinhaus1911.de\/index.php\/wp-json\/wp\/v2\/pages"}],"about":[{"href":"https:\/\/svsteinhaus1911.de\/index.php\/wp-json\/wp\/v2\/types\/page"}],"author":[{"embeddable":true,"href":"https:\/\/svsteinhaus1911.de\/index.php\/wp-json\/wp\/v2\/users\/666668"}],"replies":[{"embeddable":true,"href":"https:\/\/svsteinhaus1911.de\/index.php\/wp-json\/wp\/v2\/comments?post=611"}],"version-history":[{"count":0,"href":"https:\/\/svsteinhaus1911.de\/index.php\/wp-json\/wp\/v2\/pages\/611\/revisions"}],"wp:attachment":[{"href":"https:\/\/svsteinhaus1911.de\/index.php\/wp-json\/wp\/v2\/media?parent=611"}],"curies":[{"name":"wp","href":"https:\/\/api.w.org\/{rel}","templated":true}]}}