{"id":163,"date":"2012-09-16T11:14:15","date_gmt":"2012-09-16T11:14:15","guid":{"rendered":"http:\/\/svsteinhaus1911.vr-hosting.de\/?page_id=163"},"modified":"2013-05-20T08:50:39","modified_gmt":"2013-05-20T07:50:39","slug":"laeufer","status":"publish","type":"page","link":"https:\/\/svsteinhaus1911.de\/index.php\/laeufer\/","title":{"rendered":"L\u00e4ufer"},"content":{"rendered":"<div>Liebe Freunde des Laufsports,<\/div>\n<div><\/div>\n<div>der SV Steinhaus verf\u00fcgt zwar \u00fcber keinen eigenen Lauftreff, jedoch gibt es seit mehreren Jahren kontinuierlich L\u00e4uferinnen und L\u00e4ufer,\u00a0die bei den verschiedensten Laufveranstaltungen f\u00fcr den SV Steinhaus an den Start gehen.<\/div>\n<p>&nbsp;<\/p>\n<div>Die wohl beliebteste und auch bekannteste Laufveranstaltung bietet in unserer Region der\u00a0<strong><a href=\"http:\/\/www.rhoensupercup.de\/\" target=\"_blank\" rel=\"nofollow\">Rh\u00f6n-Super-Cup<\/a>.<\/strong><\/div>\n<div>\n<figure id=\"attachment_976\" aria-describedby=\"caption-attachment-976\" style=\"width: 300px\" class=\"wp-caption alignnone\"><a href=\"http:\/\/svsteinhaus1911.de\/wp-content\/uploads\/2012\/09\/RSC1.jpg\"><img loading=\"lazy\" decoding=\"async\" class=\"size-medium wp-image-976 \" alt=\"&gt;b\/b&lt; (Quelle: www.rhoensupercup.de)\" src=\"http:\/\/svsteinhaus1911.de\/wp-content\/uploads\/2012\/09\/RSC1-300x89.jpg\" width=\"300\" height=\"89\" srcset=\"https:\/\/svsteinhaus1911.de\/wp-content\/uploads\/2012\/09\/RSC1-300x89.jpg 300w, https:\/\/svsteinhaus1911.de\/wp-content\/uploads\/2012\/09\/RSC1-600x178.jpg 600w, https:\/\/svsteinhaus1911.de\/wp-content\/uploads\/2012\/09\/RSC1.jpg 980w, https:\/\/svsteinhaus1911.de\/wp-content\/uploads\/2012\/09\/RSC1-500x148.jpg 500w\" sizes=\"auto, (max-width: 300px) 100vw, 300px\" \/><\/a><figcaption id=\"caption-attachment-976\" class=\"wp-caption-text\"><b>Rh\u00f6n-Super-Cup Logo<\/b><br \/>(Quelle: www.rhoensupercup.de)<\/figcaption><\/figure>\n<\/div>\n<div>Der Rh\u00f6n-Super-Cup ist eine Gesamtwertung von 12 verschiedenen Laufveranstaltungen in Fulda und Umgebung in einer Saison. Hier gehen\u00a0seit mehreren Jahren regelm\u00e4\u00dfig L\u00e4uferinnen und L\u00e4ufer f\u00fcr den SV Steinhaus an den Start. Es werden meist 5km bzw. 10km Strecken angeboten.<\/div>\n<div><\/div>\n<div><\/div>\n<div><br class=\"clear\" \/><br \/>\n<strong>Die Termine f\u00fcr 2013 in der \u00dcbersicht:<\/strong><\/div>\n<div>\n<p>13. April: Bimbacher M\u00fchlberglauf<br \/>\n21. April: Fuldaer Volkslauf<br \/>\n27. April: Karl- und Helmut Will-Ged\u00e4chtnislauf in Motten<br \/>\n11. Mai: Gersfelder Lauf \u201eRund um den Wildpark&#8220;<br \/>\n7. Juni: Eichenzeller Fr\u00fchlingslauf<br \/>\n15. Juni: \u201eRund um den Haselsee\u201c in H\u00fcnfeld<br \/>\n1. Juli: Montagslauf \u201eRund um Mackenzell\u201c<br \/>\n7. Juli: \u201eRund um die Heilquellen\u201c in Bad Br\u00fcckenau<br \/>\n28. Juli: Dammersbacher Waldlauf<br \/>\n24. August: \u201eRund um das Kalbachtal\u201c in Mittelkalbach<br \/>\n7. September: Rh\u00f6n Panoramalauf in Poppenhausen<br \/>\n21. September: Salzberglauf in Steinbach (Saisonabschluss)<\/p>\n<p>&nbsp;<\/p>\n<\/div>\n<div><\/div>\n<div>Ergebnisliste 2012 der Kurzstrecke beim Rh\u00f6n-Super-Cup:<\/div>\n<div><a href=\"http:\/\/svsteinhaus1911.de\/wp-content\/uploads\/2012\/09\/Gesamtwertung-SJS-2012-nach-Lauf-10.pdf\" target=\"_blank\">Gesamtwertung SJS 2012 nach allen 10 L\u00e4ufen<\/a><\/div>\n<div><\/div>\n<div><\/div>\n<p><\/p>\n<h4><strong>Weitere beliebte Laufveranstaltungen sind:<\/strong><\/h4>\n<h4><\/h4>\n<div>\n<\/p>\n<ul>\n<li><strong><a href=\"http:\/\/www.gwv-challenge-lauf.de\/\" target=\"_blank\" rel=\"nofollow\">GWV-Challenge Lauf<\/a><\/strong>\u00a0in Fulda (am 25. Mai 2013 in FD &#8211; \u00fcber 7000 Starter erwartet)<\/li>\n<\/ul>\n<\/div>\n<div>\n<figure id=\"attachment_971\" aria-describedby=\"caption-attachment-971\" style=\"width: 300px\" class=\"wp-caption alignnone\"><a href=\"http:\/\/svsteinhaus1911.de\/wp-content\/uploads\/2012\/09\/challenge_lauf.jpg\"><img loading=\"lazy\" decoding=\"async\" class=\"size-medium wp-image-971\" alt=\"Start beim Challenge Lauf (Quelle: www.fuldaaktuell.de)\" src=\"http:\/\/svsteinhaus1911.de\/wp-content\/uploads\/2012\/09\/challenge_lauf-300x184.jpg\" width=\"300\" height=\"184\" srcset=\"https:\/\/svsteinhaus1911.de\/wp-content\/uploads\/2012\/09\/challenge_lauf-300x184.jpg 300w, https:\/\/svsteinhaus1911.de\/wp-content\/uploads\/2012\/09\/challenge_lauf-488x300.jpg 488w, https:\/\/svsteinhaus1911.de\/wp-content\/uploads\/2012\/09\/challenge_lauf.jpg 500w\" sizes=\"auto, (max-width: 300px) 100vw, 300px\" \/><\/a><figcaption id=\"caption-attachment-971\" class=\"wp-caption-text\"><b>Start beim Challenge Lauf<\/b><br \/>(Quelle: www.fuldaaktuell.de)<\/figcaption><\/figure>\n<\/div>\n<div>\n<ul>\n<li><strong><a href=\"http:\/\/www.fulda-marathon.de\/\" target=\"_blank\" rel=\"nofollow\">Fulda Halbmarathon<\/a><\/strong>\u00a0(am 1. September 2013 in FD &#8211; 21,0975 km o. als Staffel)<\/li>\n<\/ul>\n<\/div>\n<div>\n<figure id=\"attachment_972\" aria-describedby=\"caption-attachment-972\" style=\"width: 196px\" class=\"wp-caption alignnone\"><a href=\"http:\/\/svsteinhaus1911.de\/wp-content\/uploads\/2012\/09\/Fulda_Halbmarathon.jpg\"><img loading=\"lazy\" decoding=\"async\" class=\" wp-image-972   \" alt=\"Fulda Marathon Logo 2013 (Quelle: www.fuldaerzeitung.de)\" src=\"http:\/\/svsteinhaus1911.de\/wp-content\/uploads\/2012\/09\/Fulda_Halbmarathon.jpg\" width=\"196\" height=\"154\" \/><\/a><figcaption id=\"caption-attachment-972\" class=\"wp-caption-text\"><b>Fulda Marathon Logo<\/b><br \/>(Quelle: www.fuldaerzeitung.de)<\/figcaption><\/figure>\n<p>&nbsp;<\/p>\n<\/div>\n<div><\/div>\n<div><\/div>\n<div>Es gibt jedoch auch Teilnehmer an verschiedenen Crossl\u00e4ufen oder Hindernisl\u00e4ufen<\/div>\n<div>(z.B. dem\u00a0<strong><a href=\"http:\/\/www.braveheartbattle.de\/\" target=\"_blank\" rel=\"nofollow\">Braveheartbattle<\/a><\/strong>\u00a0oder dem\u00a0<strong><a href=\"http:\/\/www.fishermansfriend.de\/strongmanrun\/\" target=\"_blank\" rel=\"nofollow\">Fisherman&#8217;s Friend StrongmanRun<\/a><\/strong>).<\/div>\n<div>\n<figure id=\"attachment_977\" aria-describedby=\"caption-attachment-977\" style=\"width: 300px\" class=\"wp-caption alignnone\"><a href=\"http:\/\/svsteinhaus1911.de\/wp-content\/uploads\/2012\/09\/Braveheartbattle-002.jpg\"><img loading=\"lazy\" decoding=\"async\" class=\"size-medium wp-image-977\" alt=\"Kurz vor dem Start beim Braveheartbattle in M\u00fcnnerstadt  (Quelle: privat)\" src=\"http:\/\/svsteinhaus1911.de\/wp-content\/uploads\/2012\/09\/Braveheartbattle-002-300x225.jpg\" width=\"300\" height=\"225\" srcset=\"https:\/\/svsteinhaus1911.de\/wp-content\/uploads\/2012\/09\/Braveheartbattle-002-300x225.jpg 300w, https:\/\/svsteinhaus1911.de\/wp-content\/uploads\/2012\/09\/Braveheartbattle-002-1024x767.jpg 1024w, https:\/\/svsteinhaus1911.de\/wp-content\/uploads\/2012\/09\/Braveheartbattle-002-600x450.jpg 600w, https:\/\/svsteinhaus1911.de\/wp-content\/uploads\/2012\/09\/Braveheartbattle-002-400x300.jpg 400w\" sizes=\"auto, (max-width: 300px) 100vw, 300px\" \/><\/a><figcaption id=\"caption-attachment-977\" class=\"wp-caption-text\"><b>Kurz vor dem Start beim Braveheartbattle in M\u00fcnnerstadt<\/b><br \/>(Quelle: privat)<\/figcaption><\/figure>\n<\/div>\n<div>\n<figure id=\"attachment_979\" aria-describedby=\"caption-attachment-979\" style=\"width: 217px\" class=\"wp-caption alignnone\"><a href=\"http:\/\/svsteinhaus1911.de\/wp-content\/uploads\/2012\/09\/Braveheart_Battle.jpg\"><img loading=\"lazy\" decoding=\"async\" class=\"size-medium wp-image-979\" alt=\"Schlammgrube - eines von ca. 50 Hindernissen beim Braveheart (Quelle: www.all-in.de)\" src=\"http:\/\/svsteinhaus1911.de\/wp-content\/uploads\/2012\/09\/Braveheart_Battle-217x300.jpg\" width=\"217\" height=\"300\" srcset=\"https:\/\/svsteinhaus1911.de\/wp-content\/uploads\/2012\/09\/Braveheart_Battle-217x300.jpg 217w, https:\/\/svsteinhaus1911.de\/wp-content\/uploads\/2012\/09\/Braveheart_Battle.jpg 389w\" sizes=\"auto, (max-width: 217px) 100vw, 217px\" \/><\/a><figcaption id=\"caption-attachment-979\" class=\"wp-caption-text\"><b>Schlammgrube &#8211; eines von ca. 50 Hindernissen beim Braveheart<\/b><br \/>(Quelle: www.all-in.de)<\/figcaption><\/figure>\n<\/div>\n<div>\n<figure id=\"attachment_981\" aria-describedby=\"caption-attachment-981\" style=\"width: 300px\" class=\"wp-caption alignnone\"><a href=\"http:\/\/svsteinhaus1911.de\/wp-content\/uploads\/2012\/09\/Braveheartbattle-0281.jpg\"><img loading=\"lazy\" decoding=\"async\" class=\"size-medium wp-image-981\" alt=\"Der Lohn nach 24km Extremlauf: die Finisher-Medaille (Quelle: privat)\" src=\"http:\/\/svsteinhaus1911.de\/wp-content\/uploads\/2012\/09\/Braveheartbattle-0281-300x225.jpg\" width=\"300\" height=\"225\" srcset=\"https:\/\/svsteinhaus1911.de\/wp-content\/uploads\/2012\/09\/Braveheartbattle-0281-300x225.jpg 300w, https:\/\/svsteinhaus1911.de\/wp-content\/uploads\/2012\/09\/Braveheartbattle-0281-1024x767.jpg 1024w, https:\/\/svsteinhaus1911.de\/wp-content\/uploads\/2012\/09\/Braveheartbattle-0281-600x450.jpg 600w, https:\/\/svsteinhaus1911.de\/wp-content\/uploads\/2012\/09\/Braveheartbattle-0281-400x300.jpg 400w\" sizes=\"auto, (max-width: 300px) 100vw, 300px\" \/><\/a><figcaption id=\"caption-attachment-981\" class=\"wp-caption-text\"><b>Der Lohn nach 24km Extremlauf: die Finisher-Medaille<\/b><br \/>(Quelle: privat)<\/figcaption><\/figure>\n<\/div>\n<div><\/div>\n<div><\/div>\n<div>Auch beim Triathlon sind im vergangenen Jahr Teilnehmer f\u00fcr unseren Verein erfolgreich an den Start gegangen und das soll die n\u00e4chsten Jahre beibehalten werden.<\/div>\n<div>In der Region gibt es z.B. den<strong>\u00a0<a href=\"http:\/\/www.barockstadt-fulda-triathlon.de\/\" target=\"_blank\" rel=\"nofollow\">Barockstadt Fulda Triathlon<\/a><\/strong>\u00a0(am 05. Mai 2013 in Fulda) oder den<strong>\u00a0<a href=\"http:\/\/www.koenigreichtriathlon.skiclub-flieden.de\/2.html\" target=\"_blank\" rel=\"nofollow\">K\u00f6nigreich-Triathlon<\/a><\/strong>\u00a0(am 25. August 2013 in Flieden).<\/div>\n<div><\/div>\n<div><\/div>\n<div><\/div>\n<div><\/div>\n<p>&nbsp;<\/p>\n<div>Wenn nun eine der beschriebenen Laufveranstaltungen bei jemandem Interesse geweckt hat und es hierzu Fragen gibt, dann bitte dem Administrator \u00fcber die Sparte \u201e<a href=\"http:\/\/svsteinhaus1911.de\/kontakt\/\" target=\"_blank\" rel=\"nofollow\">Kontakt<\/a>\u201c eine E-Mail senden.\u00a0Von ihm erhaltet Ihr dann den entsprechenden Ansprechpartner f\u00fcr die gew\u00fcnschte Laufveranstaltung.<\/div>\n<p>&nbsp;<\/p>\n<p><strong>Der SV Steinhaus w\u00fcnscht allen viel Spa\u00df und Erfolg in der diesj\u00e4hrigen Laufsaison.<\/strong><\/p>\n<p>&nbsp;<\/p>\n","protected":false},"excerpt":{"rendered":"<p>Liebe Freunde des Laufsports, der SV Steinhaus verf\u00fcgt zwar \u00fcber keinen eigenen Lauftreff, jedoch gibt es seit mehreren Jahren kontinuierlich L\u00e4uferinnen und L\u00e4ufer,\u00a0die bei den verschiedensten Laufveranstaltungen f\u00fcr den SV Steinhaus an den Start gehen. &nbsp; Die wohl beliebteste und auch bekannteste Laufveranstaltung bietet in unserer Region der\u00a0Rh\u00f6n-Super-Cup. Der Rh\u00f6n-Super-Cup ist eine Gesamtwertung von 12 &hellip; <a href=\"https:\/\/svsteinhaus1911.de\/index.php\/laeufer\/\" class=\"more-link\"><span class=\"screen-reader-text\">L\u00e4ufer<\/span> weiterlesen<\/a><\/p>\n","protected":false},"author":1,"featured_media":0,"parent":0,"menu_order":0,"comment_status":"closed","ping_status":"closed","template":"","meta":{"ngg_post_thumbnail":0,"footnotes":""},"class_list":["post-163","page","type-page","status-publish","hentry"],"_links":{"self":[{"href":"https:\/\/svsteinhaus1911.de\/index.php\/wp-json\/wp\/v2\/pages\/163","targetHints":{"allow":["GET"]}}],"collection":[{"href":"https:\/\/svsteinhaus1911.de\/index.php\/wp-json\/wp\/v2\/pages"}],"about":[{"href":"https:\/\/svsteinhaus1911.de\/index.php\/wp-json\/wp\/v2\/types\/page"}],"author":[{"embeddable":true,"href":"https:\/\/svsteinhaus1911.de\/index.php\/wp-json\/wp\/v2\/users\/1"}],"replies":[{"embeddable":true,"href":"https:\/\/svsteinhaus1911.de\/index.php\/wp-json\/wp\/v2\/comments?post=163"}],"version-history":[{"count":0,"href":"https:\/\/svsteinhaus1911.de\/index.php\/wp-json\/wp\/v2\/pages\/163\/revisions"}],"wp:attachment":[{"href":"https:\/\/svsteinhaus1911.de\/index.php\/wp-json\/wp\/v2\/media?parent=163"}],"curies":[{"name":"wp","href":"https:\/\/api.w.org\/{rel}","templated":true}]}}