{"id":1448,"date":"2013-07-26T21:26:17","date_gmt":"2013-07-26T19:26:17","guid":{"rendered":"http:\/\/svsteinhaus1911.de\/?page_id=1448"},"modified":"2014-12-30T14:34:05","modified_gmt":"2014-12-30T12:34:05","slug":"die-jahre-ab-1940","status":"publish","type":"page","link":"https:\/\/svsteinhaus1911.de\/index.php\/die-jahre-ab-1940\/","title":{"rendered":"Die Jahre ab 1940"},"content":{"rendered":"<h1>1930 &#8211;\u00a01945<\/h1>\n<p>Das Jahrzehnt war gepr\u00e4gt von Diktatur und Willk\u00fcrherrschaft. Das F\u00fchrerprinzip hielt Einzug und der Wehr- und Gel\u00e4ndesport wurden zum Volkssport befohlen. Der Freizeitsport sowie das Ehrenamt waren nicht mehr gefragt. Vor diesem Hintergrund wurde in einer Vereinsversammlung beschlossen, die Vereinskasse aufzul\u00f6sen und die bereits errungenen Pokale untereinander aufzuteilen. An jedes Mitglied wurden noch sieben Reichsmark ausgezahlt. Damit lagen die Vereinsaktivit\u00e4ten bis zum Kriegsende weitestgehend brach.<\/p>\n<p>Schon wenige Monate nach Kriegsende lebte der Sportsgeist in Steinhaus wieder auf. Man versammelte sich im Dorfgasthaus und organisierte den Verein wieder neu. Zum 1. Vorsitzenden wurde Josef Helmer gew\u00e4hlt\u2026<\/p>\n<p>\u2026 und schon bald ging es auch mit dem Fu\u00dfball wieder weiter. Der Neuanfang war zwar beschwerlich, unsere Aktiven verstanden jedoch zu organisieren. Um nicht immer mit den Fahrr\u00e4dern die langen Wege zu den Ausw\u00e4rtsspielen antreten zu m\u00fcssen, charterten sie kurzerhand einen Milit\u00e4rjeep der befreundeten Fuldaer Amerikaner. So wurden Kr\u00e4fte gespart und der SV stieg mit seiner Mannschaft schon im Jahr 1949 von der B-Klasse in die A-Klasse Mitte auf.<\/p>\n<h1><i>1946 \u2013 Ausw\u00e4rtsspiel der \u201eBlau-Wei\u00dfen\u201c<\/i><\/h1>\nngg_shortcode_0_placeholder\n<p><i>von links: Otto Huder, Willi Mehler, Ludwig Herbert, Franz Helmer, Helmut Helmer, Ewald Schmitt, Erich Halsch, Loni Aschenbr\u00fccker, Gertrud Aschenbr\u00fccker<\/i><\/p>\n<h1>1950<\/h1>\n<p>Das Jahrzehnt verlief eher unspektakul\u00e4r. Unsere Fu\u00dfballmannschaft musste sich schon im Jahr 1951 wieder aus der A-Klasse verabschieden und hielt sich mit wechselndem Erfolg ganze 16 Jahre in der B-Klasse \u201e\u00fcber Wasser\u201c, bevor im Jahr 1967 wieder ein Meisterteam gek\u00fcrt werden konnte \u2013 doch dazu sp\u00e4ter.<\/p>\n<p>Noch eine bemerkenswerte Historie: Im Jahr 1952 \u00fcbernahm <b>Jakob Bomm<\/b> als<br \/>\n1. Vorsitzender die F\u00fchrung des SV Steinhaus \u2013 ein Mann mit Herz f\u00fcr den Fu\u00dfball und f\u00fcr die Vereinsgemeinschaft. Nach 18 Jahren erfolgreicher Vorstandsarbeit wurde er im Januar 1970 pl\u00f6tzlich aus dem Leben gerissen \u2013 ein Schockerlebnis f\u00fcr den SV.<\/p>\n<p align=\"right\">ngg_shortcode_1_placeholder<\/p>\n<p align=\"right\"><i>Jakob Bomm<br \/>\n18 Jahre Vorsitzender des SV Steinhaus<\/i><\/p>\n","protected":false},"excerpt":{"rendered":"<p>1930 &#8211;\u00a01945 Das Jahrzehnt war gepr\u00e4gt von Diktatur und Willk\u00fcrherrschaft. Das F\u00fchrerprinzip hielt Einzug und der Wehr- und Gel\u00e4ndesport wurden zum Volkssport befohlen. Der Freizeitsport sowie das Ehrenamt waren nicht mehr gefragt. Vor diesem Hintergrund wurde in einer Vereinsversammlung beschlossen, die Vereinskasse aufzul\u00f6sen und die bereits errungenen Pokale untereinander aufzuteilen. An jedes Mitglied wurden noch &hellip; <a href=\"https:\/\/svsteinhaus1911.de\/index.php\/die-jahre-ab-1940\/\" class=\"more-link\"><span class=\"screen-reader-text\">Die Jahre ab 1940<\/span> weiterlesen<\/a><\/p>\n","protected":false},"author":1,"featured_media":0,"parent":0,"menu_order":0,"comment_status":"closed","ping_status":"closed","template":"","meta":{"ngg_post_thumbnail":0,"footnotes":""},"class_list":["post-1448","page","type-page","status-publish","hentry"],"_links":{"self":[{"href":"https:\/\/svsteinhaus1911.de\/index.php\/wp-json\/wp\/v2\/pages\/1448","targetHints":{"allow":["GET"]}}],"collection":[{"href":"https:\/\/svsteinhaus1911.de\/index.php\/wp-json\/wp\/v2\/pages"}],"about":[{"href":"https:\/\/svsteinhaus1911.de\/index.php\/wp-json\/wp\/v2\/types\/page"}],"author":[{"embeddable":true,"href":"https:\/\/svsteinhaus1911.de\/index.php\/wp-json\/wp\/v2\/users\/1"}],"replies":[{"embeddable":true,"href":"https:\/\/svsteinhaus1911.de\/index.php\/wp-json\/wp\/v2\/comments?post=1448"}],"version-history":[{"count":0,"href":"https:\/\/svsteinhaus1911.de\/index.php\/wp-json\/wp\/v2\/pages\/1448\/revisions"}],"wp:attachment":[{"href":"https:\/\/svsteinhaus1911.de\/index.php\/wp-json\/wp\/v2\/media?parent=1448"}],"curies":[{"name":"wp","href":"https:\/\/api.w.org\/{rel}","templated":true}]}}