{"id":1438,"date":"2013-07-26T21:20:47","date_gmt":"2013-07-26T19:20:47","guid":{"rendered":"http:\/\/svsteinhaus1911.de\/?page_id=1438"},"modified":"2021-04-12T15:44:48","modified_gmt":"2021-04-12T13:44:48","slug":"das-grundungsjahr","status":"publish","type":"page","link":"https:\/\/svsteinhaus1911.de\/index.php\/historie\/das-grundungsjahr\/","title":{"rendered":"1911 Das Gr\u00fcndungsjahr"},"content":{"rendered":"<p>Bewegung und Sport treiben ist ein Gedanke, der unsere V\u00e4ter, Gro\u00df- und Urgro\u00dfv\u00e4ter schon vor 100 Jahren inspiriert hat.<\/p>\n<p>Nat\u00fcrlich hatte der Fu\u00dfball damals schon seine Anziehungskraft, zumal diese Sportart erst wenige Jahre zuvor auf deutschem Boden \u201esalonf\u00e4hig\u201c wurde.<\/p>\n<p>Lange Zeit hatten die Initiatoren um den Braunschweiger Gymnasiallehrer Konrad Koch f\u00fcr die Anerkennung des Fu\u00dfballs gek\u00e4mpft. Sie waren jedoch dem staatlich verordneten Volkssport \u201eTurnen\u201c immer wieder unterlegen.<\/p>\n<p>Erst als im Jahr 1900 der Deutsche Fu\u00dfballbund (DFB) gegr\u00fcndet wurde, gab es die ersten Strukturen f\u00fcr einen organisierten Spielbetrieb. Es dauerte nur wenige Jahre, bis die Fu\u00dfballwelle \u00fcber Schalke 04 und Mainz 05 auch das \u201eflache Land\u201c erreicht hatte.<\/p>\n<h1>So fanden sich am <b>20.05.1911<\/b> in Steinhaus 12 junge M\u00e4nner zusammen und gr\u00fcndeten einen Fu\u00dfballverein. Das war die Geburtsstunde des SV Steinhaus 1911.<\/h1>\n<p>&nbsp;<\/p>\n<p>Die Chronisten von damals haben uns gl\u00fccklicherweise auch die Namen der Gr\u00fcnder \u00fcberliefert. Sie sollen auf unserer Web Seite einen Ehrenplatz erhalten.<\/p>\n<h1>Diegelmann, Emil&nbsp; &nbsp; &nbsp; &nbsp; &nbsp; &nbsp; &nbsp; &nbsp;Jahn, Adalbert<\/h1>\n<h1>Fr\u00f6hlig, Anton&nbsp; &nbsp; &nbsp; &nbsp; &nbsp; &nbsp; &nbsp; &nbsp; &nbsp; &nbsp; Kircher, Wilhelm<\/h1>\n<h1>Halsch, Karl&nbsp; &nbsp; &nbsp; &nbsp; &nbsp; &nbsp; &nbsp; &nbsp; &nbsp; &nbsp; &nbsp; &nbsp; &nbsp;Knacker, Franz<\/h1>\n<h1>Heum\u00fcller, Adam&nbsp; &nbsp; &nbsp; &nbsp; &nbsp; &nbsp; &nbsp; &nbsp; Latsch, Josef<\/h1>\n<h1>Heum\u00fcller, Franz&nbsp; &nbsp; &nbsp; &nbsp; &nbsp; &nbsp; &nbsp; &nbsp; &nbsp;Reith, Ludwig<\/h1>\n<h1>Heum\u00fcller, Karl&nbsp; &nbsp; &nbsp; &nbsp; &nbsp; &nbsp; &nbsp; &nbsp; &nbsp; &nbsp; Weber, Engelbert<\/h1>\nngg_shortcode_0_placeholder\n<p><i>Das Bild zeigt einige unserer Vereins\u00adgr\u00fcnder, aufgenommen im Gasthaus bei Helmut Helmer, Heidestra\u00dfe (ca. 1960\/61): Emil Diegelmann, Anton Fr\u00f6hlig, Franz Knacker, Josef Latsch, Adalbert Jahn, Ambros Halsch, Gregor Huder<\/i><\/p>\n<p>Ob die Vereinsgr\u00fcnder jemals daran geglaubt haben, dass ihr Werk \u00fcber 100 Jahre Bestand hat, wird uns immer eine offene Frage bleiben. Wir sind aber alle stolz auf diese V\u00e4ter und haben ihnen zu danken.<\/p>\n<h1>&nbsp;<i>Mannschaftsfoto vor der Gastst\u00e4tte Brehl<\/i><\/h1>\nngg_shortcode_1_placeholder\n<p><i>von links: Karl Heum\u00fcller, Franz B\u00fcttner, August Halsch, Karl Huder, Wilhelm Kircher, Emil Halsch, Josef Aha, Emil Diegelmann, Karl B\u00fcttner, Karl Fr\u00f6hlig, Kasemier Sch\u00e4fer und Obmann Josef Latsch<\/i><\/p>\n<h1>&nbsp;1911 &#8211; 1920<\/h1>\n<p>Nachdem der 1. Weltkrieg auch in Steinhaus seine leidvollen Spuren hinterlassen hatte, lebte die Vereinsarbeit und der Fu\u00dfballsport bald wieder auf.<\/p>\n<h1>1920 &#8211; 1930<\/h1>\n<p>Auf einer Wiese im Haunegrund (am heutigen Radweg) stand dem Verein im Jahr 1920 erstmals ein eigener Sportplatz zur Verf\u00fcgung. Zu dieser Zeit waren drei Mannschaften aktiv. Die 1. Mannschaft blieb sechs Jahre in Folge ungeschlagen. Das muss ein \u201eDream-Team\u201c gewesen sein. \u00dcber die Klasse der Gegner wurde uns jedoch leider nichts \u00fcberliefert.<\/p>\n","protected":false},"excerpt":{"rendered":"<p>Bewegung und Sport treiben ist ein Gedanke, der unsere V\u00e4ter, Gro\u00df- und Urgro\u00dfv\u00e4ter schon vor 100 Jahren inspiriert hat. Nat\u00fcrlich hatte der Fu\u00dfball damals schon seine Anziehungskraft, zumal diese Sportart erst wenige Jahre zuvor auf deutschem Boden \u201esalonf\u00e4hig\u201c wurde. Lange Zeit hatten die Initiatoren um den Braunschweiger Gymnasiallehrer Konrad Koch f\u00fcr die Anerkennung des Fu\u00dfballs &hellip; <a href=\"https:\/\/svsteinhaus1911.de\/index.php\/historie\/das-grundungsjahr\/\" class=\"more-link\"><span class=\"screen-reader-text\">1911 Das Gr\u00fcndungsjahr<\/span> weiterlesen<\/a><\/p>\n","protected":false},"author":1,"featured_media":0,"parent":433,"menu_order":0,"comment_status":"closed","ping_status":"closed","template":"","meta":{"ngg_post_thumbnail":0,"footnotes":""},"class_list":["post-1438","page","type-page","status-publish","hentry"],"_links":{"self":[{"href":"https:\/\/svsteinhaus1911.de\/index.php\/wp-json\/wp\/v2\/pages\/1438","targetHints":{"allow":["GET"]}}],"collection":[{"href":"https:\/\/svsteinhaus1911.de\/index.php\/wp-json\/wp\/v2\/pages"}],"about":[{"href":"https:\/\/svsteinhaus1911.de\/index.php\/wp-json\/wp\/v2\/types\/page"}],"author":[{"embeddable":true,"href":"https:\/\/svsteinhaus1911.de\/index.php\/wp-json\/wp\/v2\/users\/1"}],"replies":[{"embeddable":true,"href":"https:\/\/svsteinhaus1911.de\/index.php\/wp-json\/wp\/v2\/comments?post=1438"}],"version-history":[{"count":0,"href":"https:\/\/svsteinhaus1911.de\/index.php\/wp-json\/wp\/v2\/pages\/1438\/revisions"}],"up":[{"embeddable":true,"href":"https:\/\/svsteinhaus1911.de\/index.php\/wp-json\/wp\/v2\/pages\/433"}],"wp:attachment":[{"href":"https:\/\/svsteinhaus1911.de\/index.php\/wp-json\/wp\/v2\/media?parent=1438"}],"curies":[{"name":"wp","href":"https:\/\/api.w.org\/{rel}","templated":true}]}}